{"id":84,"date":"2023-12-21T11:48:44","date_gmt":"2023-12-21T10:48:44","guid":{"rendered":"http:\/\/localhost\/?page_id=84"},"modified":"2024-01-09T14:28:24","modified_gmt":"2024-01-09T13:28:24","slug":"deco","status":"publish","type":"page","link":"https:\/\/ebenisterie-mirmand-jean-luc.fr\/index.php\/deco\/","title":{"rendered":"D\u00e9co &#8211; Objet en bois"},"content":{"rendered":"\n<p>Pour combler votre famille, pour marquer le plus beau jour de votre vie, pour choyer vos employ\u00e9s, ou encore tout simplement vous faire plaisir, faites r\u00e9aliser vos objets souvenirs, dans un bois noble, qui se transmettra de g\u00e9n\u00e9ration en g\u00e9n\u00e9ration. <\/p>\n\n\n\n<div class=\"wp-block-group has-background-light-background-color has-background is-layout-constrained wp-container-core-group-is-layout-5bd35887 wp-block-group-is-layout-constrained\" style=\"padding-top:68px\">\n<div class=\"wp-block-columns is-layout-flex wp-container-core-columns-is-layout-e0fbbc84 wp-block-columns-is-layout-flex\">\n<div class=\"wp-block-column is-style-ona-negative-offset-bottom is-layout-flow wp-block-column-is-layout-flow\">\n<figure class=\"wp-block-image size-large is-resized\"><img loading=\"lazy\" decoding=\"async\" width=\"1024\" height=\"683\" src=\"http:\/\/localhost\/wp-content\/uploads\/2023\/12\/IMG_5606-1-1024x683.jpg\" alt=\"\" class=\"wp-image-91\" style=\"width:268px;height:auto\" srcset=\"https:\/\/ebenisterie-mirmand-jean-luc.fr\/wp-content\/uploads\/2023\/12\/IMG_5606-1-1024x683.jpg 1024w, https:\/\/ebenisterie-mirmand-jean-luc.fr\/wp-content\/uploads\/2023\/12\/IMG_5606-1-300x200.jpg 300w, https:\/\/ebenisterie-mirmand-jean-luc.fr\/wp-content\/uploads\/2023\/12\/IMG_5606-1-768x512.jpg 768w, https:\/\/ebenisterie-mirmand-jean-luc.fr\/wp-content\/uploads\/2023\/12\/IMG_5606-1-1536x1024.jpg 1536w, https:\/\/ebenisterie-mirmand-jean-luc.fr\/wp-content\/uploads\/2023\/12\/IMG_5606-1-2048x1365.jpg 2048w, https:\/\/ebenisterie-mirmand-jean-luc.fr\/wp-content\/uploads\/2023\/12\/IMG_5606-1-1170x780.jpg 1170w\" sizes=\"auto, (max-width: 1024px) 100vw, 1024px\" \/><\/figure>\n<\/div>\n\n\n\n<div class=\"wp-block-column is-vertically-aligned-center is-layout-flow wp-block-column-is-layout-flow\">\n<h1 class=\"wp-block-heading\" id=\"i-am-a-lifestyle-and-fashion-blogger-a-person-who-enjoys-travel\" style=\"margin-right:15%\">La boite \u00e0 souvenir<\/h1>\n<\/div>\n<\/div>\n<\/div>\n\n\n\n<div style=\"height:100px\" aria-hidden=\"true\" class=\"wp-block-spacer\"><\/div>\n\n\n\n<div class=\"wp-block-group has-background-light-background-color has-background is-layout-constrained wp-container-core-group-is-layout-5bd35887 wp-block-group-is-layout-constrained\" style=\"padding-top:68px\">\n<div class=\"wp-block-columns is-layout-flex wp-container-core-columns-is-layout-e0fbbc84 wp-block-columns-is-layout-flex\">\n<div class=\"wp-block-column is-style-ona-negative-offset-bottom is-layout-flow wp-block-column-is-layout-flow\">\n<figure class=\"wp-block-image size-large\"><img loading=\"lazy\" decoding=\"async\" width=\"1024\" height=\"683\" src=\"http:\/\/localhost\/wp-content\/uploads\/2023\/12\/IMG_5506-1024x683.jpg\" alt=\"\" class=\"wp-image-94\" srcset=\"https:\/\/ebenisterie-mirmand-jean-luc.fr\/wp-content\/uploads\/2023\/12\/IMG_5506-1024x683.jpg 1024w, https:\/\/ebenisterie-mirmand-jean-luc.fr\/wp-content\/uploads\/2023\/12\/IMG_5506-300x200.jpg 300w, https:\/\/ebenisterie-mirmand-jean-luc.fr\/wp-content\/uploads\/2023\/12\/IMG_5506-768x512.jpg 768w, https:\/\/ebenisterie-mirmand-jean-luc.fr\/wp-content\/uploads\/2023\/12\/IMG_5506-1536x1024.jpg 1536w, https:\/\/ebenisterie-mirmand-jean-luc.fr\/wp-content\/uploads\/2023\/12\/IMG_5506-2048x1365.jpg 2048w, https:\/\/ebenisterie-mirmand-jean-luc.fr\/wp-content\/uploads\/2023\/12\/IMG_5506-1170x780.jpg 1170w\" sizes=\"auto, (max-width: 1024px) 100vw, 1024px\" \/><\/figure>\n<\/div>\n\n\n\n<div class=\"wp-block-column is-vertically-aligned-center is-layout-flow wp-block-column-is-layout-flow\">\n<h1 class=\"wp-block-heading\" id=\"i-am-a-lifestyle-and-fashion-blogger-a-person-who-enjoys-travel\" style=\"margin-right:15%\">Le mariage<\/h1>\n<\/div>\n<\/div>\n<\/div>\n\n\n\n<div style=\"height:100px\" aria-hidden=\"true\" class=\"wp-block-spacer\"><\/div>\n\n\n\n<div class=\"wp-block-group has-background-light-background-color has-background is-layout-constrained wp-container-core-group-is-layout-5bd35887 wp-block-group-is-layout-constrained\" style=\"padding-top:68px\">\n<div class=\"wp-block-columns is-layout-flex wp-container-core-columns-is-layout-e0fbbc84 wp-block-columns-is-layout-flex\">\n<div class=\"wp-block-column is-style-ona-negative-offset-bottom is-layout-flow wp-block-column-is-layout-flow\">\n<figure class=\"wp-block-image size-large is-resized\"><img loading=\"lazy\" decoding=\"async\" width=\"1024\" height=\"683\" src=\"http:\/\/localhost\/wp-content\/uploads\/2023\/12\/IMG_8922-1024x683.jpg\" alt=\"\" class=\"wp-image-89\" style=\"width:330px;height:auto\" srcset=\"https:\/\/ebenisterie-mirmand-jean-luc.fr\/wp-content\/uploads\/2023\/12\/IMG_8922-1024x683.jpg 1024w, https:\/\/ebenisterie-mirmand-jean-luc.fr\/wp-content\/uploads\/2023\/12\/IMG_8922-300x200.jpg 300w, https:\/\/ebenisterie-mirmand-jean-luc.fr\/wp-content\/uploads\/2023\/12\/IMG_8922-768x512.jpg 768w, https:\/\/ebenisterie-mirmand-jean-luc.fr\/wp-content\/uploads\/2023\/12\/IMG_8922-1536x1024.jpg 1536w, https:\/\/ebenisterie-mirmand-jean-luc.fr\/wp-content\/uploads\/2023\/12\/IMG_8922-2048x1365.jpg 2048w, https:\/\/ebenisterie-mirmand-jean-luc.fr\/wp-content\/uploads\/2023\/12\/IMG_8922-1170x780.jpg 1170w\" sizes=\"auto, (max-width: 1024px) 100vw, 1024px\" \/><\/figure>\n<\/div>\n\n\n\n<div class=\"wp-block-column is-vertically-aligned-center is-layout-flow wp-block-column-is-layout-flow\">\n<h1 class=\"wp-block-heading\" id=\"i-am-a-lifestyle-and-fashion-blogger-a-person-who-enjoys-travel\" style=\"margin-right:15%\">Les cadeaux sous le sapin<\/h1>\n<\/div>\n<\/div>\n<\/div>\n\n\n\n<div style=\"height:100px\" aria-hidden=\"true\" class=\"wp-block-spacer\"><\/div>\n\n\n\n<div class=\"wp-block-group has-background-light-background-color has-background is-layout-constrained wp-container-core-group-is-layout-5bd35887 wp-block-group-is-layout-constrained\" style=\"padding-top:68px\">\n<div class=\"wp-block-columns is-layout-flex wp-container-core-columns-is-layout-e0fbbc84 wp-block-columns-is-layout-flex\">\n<div class=\"wp-block-column is-style-ona-negative-offset-bottom is-layout-flow wp-block-column-is-layout-flow\">\n<figure class=\"wp-block-image size-large\"><img loading=\"lazy\" decoding=\"async\" width=\"1024\" height=\"683\" src=\"http:\/\/localhost\/wp-content\/uploads\/2023\/12\/IMG_5554-1-1024x683.jpg\" alt=\"\" class=\"wp-image-96\" srcset=\"https:\/\/ebenisterie-mirmand-jean-luc.fr\/wp-content\/uploads\/2023\/12\/IMG_5554-1-1024x683.jpg 1024w, https:\/\/ebenisterie-mirmand-jean-luc.fr\/wp-content\/uploads\/2023\/12\/IMG_5554-1-300x200.jpg 300w, https:\/\/ebenisterie-mirmand-jean-luc.fr\/wp-content\/uploads\/2023\/12\/IMG_5554-1-768x512.jpg 768w, https:\/\/ebenisterie-mirmand-jean-luc.fr\/wp-content\/uploads\/2023\/12\/IMG_5554-1-1536x1024.jpg 1536w, https:\/\/ebenisterie-mirmand-jean-luc.fr\/wp-content\/uploads\/2023\/12\/IMG_5554-1-2048x1365.jpg 2048w, https:\/\/ebenisterie-mirmand-jean-luc.fr\/wp-content\/uploads\/2023\/12\/IMG_5554-1-1170x780.jpg 1170w\" sizes=\"auto, (max-width: 1024px) 100vw, 1024px\" \/><\/figure>\n<\/div>\n\n\n\n<div class=\"wp-block-column is-vertically-aligned-center is-layout-flow wp-block-column-is-layout-flow\">\n<h1 class=\"wp-block-heading\" id=\"i-am-a-lifestyle-and-fashion-blogger-a-person-who-enjoys-travel\" style=\"margin-right:15%\">Le jeu de Dame<\/h1>\n<\/div>\n<\/div>\n<\/div>\n","protected":false},"excerpt":{"rendered":"<p>Pour combler votre famille, pour marquer le plus beau jour de votre vie, pour choyer vos employ\u00e9s, ou encore tout simplement vous faire plaisir, faites r\u00e9aliser vos objets souvenirs, dans un bois noble, qui se transmettra de g\u00e9n\u00e9ration en g\u00e9n\u00e9ration. La boite \u00e0 souvenir Le mariage Les cadeaux sous le sapin Le jeu de Dame<\/p>\n","protected":false},"author":1,"featured_media":0,"parent":0,"menu_order":0,"comment_status":"closed","ping_status":"closed","template":"","meta":{"footnotes":""},"class_list":["post-84","page","type-page","status-publish","hentry"],"_links":{"self":[{"href":"https:\/\/ebenisterie-mirmand-jean-luc.fr\/index.php\/wp-json\/wp\/v2\/pages\/84","targetHints":{"allow":["GET"]}}],"collection":[{"href":"https:\/\/ebenisterie-mirmand-jean-luc.fr\/index.php\/wp-json\/wp\/v2\/pages"}],"about":[{"href":"https:\/\/ebenisterie-mirmand-jean-luc.fr\/index.php\/wp-json\/wp\/v2\/types\/page"}],"author":[{"embeddable":true,"href":"https:\/\/ebenisterie-mirmand-jean-luc.fr\/index.php\/wp-json\/wp\/v2\/users\/1"}],"replies":[{"embeddable":true,"href":"https:\/\/ebenisterie-mirmand-jean-luc.fr\/index.php\/wp-json\/wp\/v2\/comments?post=84"}],"version-history":[{"count":10,"href":"https:\/\/ebenisterie-mirmand-jean-luc.fr\/index.php\/wp-json\/wp\/v2\/pages\/84\/revisions"}],"predecessor-version":[{"id":143,"href":"https:\/\/ebenisterie-mirmand-jean-luc.fr\/index.php\/wp-json\/wp\/v2\/pages\/84\/revisions\/143"}],"wp:attachment":[{"href":"https:\/\/ebenisterie-mirmand-jean-luc.fr\/index.php\/wp-json\/wp\/v2\/media?parent=84"}],"curies":[{"name":"wp","href":"https:\/\/api.w.org\/{rel}","templated":true}]}}