{"id":73,"date":"2023-12-20T15:56:38","date_gmt":"2023-12-20T14:56:38","guid":{"rendered":"http:\/\/localhost\/?page_id=73"},"modified":"2024-01-16T11:20:16","modified_gmt":"2024-01-16T10:20:16","slug":"cuisine","status":"publish","type":"page","link":"https:\/\/ebenisterie-mirmand-jean-luc.fr\/index.php\/cuisine\/","title":{"rendered":"Cuisine"},"content":{"rendered":"\n<p>L&#8217;\u00e9b\u00e9nisterie se lie au plus pr\u00eat des arts de la table en m\u00e9langeant naturel, rangement, confort, design et optimisation de l&#8217;espace.<\/p>\n\n\n\n<div class=\"wp-block-group has-background-light-background-color has-background is-layout-constrained wp-container-core-group-is-layout-5bd35887 wp-block-group-is-layout-constrained\" style=\"padding-top:68px\">\n<div class=\"wp-block-columns is-layout-flex wp-container-core-columns-is-layout-e0fbbc84 wp-block-columns-is-layout-flex\">\n<div class=\"wp-block-column is-style-ona-negative-offset-bottom is-layout-flow wp-block-column-is-layout-flow\">\n<figure class=\"wp-block-image size-full is-resized\"><img loading=\"lazy\" decoding=\"async\" width=\"2560\" height=\"1707\" src=\"http:\/\/localhost\/wp-content\/uploads\/2023\/12\/IMG_5539-scaled.jpg\" alt=\"\" class=\"wp-image-27\" style=\"width:337px;height:auto\" srcset=\"https:\/\/ebenisterie-mirmand-jean-luc.fr\/wp-content\/uploads\/2023\/12\/IMG_5539-scaled.jpg 2560w, https:\/\/ebenisterie-mirmand-jean-luc.fr\/wp-content\/uploads\/2023\/12\/IMG_5539-300x200.jpg 300w, https:\/\/ebenisterie-mirmand-jean-luc.fr\/wp-content\/uploads\/2023\/12\/IMG_5539-1024x683.jpg 1024w, https:\/\/ebenisterie-mirmand-jean-luc.fr\/wp-content\/uploads\/2023\/12\/IMG_5539-768x512.jpg 768w, https:\/\/ebenisterie-mirmand-jean-luc.fr\/wp-content\/uploads\/2023\/12\/IMG_5539-1536x1024.jpg 1536w, https:\/\/ebenisterie-mirmand-jean-luc.fr\/wp-content\/uploads\/2023\/12\/IMG_5539-2048x1365.jpg 2048w, https:\/\/ebenisterie-mirmand-jean-luc.fr\/wp-content\/uploads\/2023\/12\/IMG_5539-1170x780.jpg 1170w\" sizes=\"auto, (max-width: 2560px) 100vw, 2560px\" \/><\/figure>\n<\/div>\n\n\n\n<div class=\"wp-block-column is-vertically-aligned-center is-layout-flow wp-block-column-is-layout-flow\">\n<h1 class=\"wp-block-heading\" id=\"i-am-a-lifestyle-and-fashion-blogger-a-person-who-enjoys-travel\" style=\"margin-right:15%\">Le rangement<\/h1>\n<\/div>\n<\/div>\n<\/div>\n\n\n\n<div class=\"wp-block-columns is-layout-flex wp-container-core-columns-is-layout-28f84493 wp-block-columns-is-layout-flex\">\n<div class=\"wp-block-column is-layout-flow wp-block-column-is-layout-flow\" style=\"flex-basis:33.33%\"><\/div>\n\n\n\n<div class=\"wp-block-column is-layout-flow wp-block-column-is-layout-flow\" style=\"flex-basis:66.66%\">\n<figure class=\"wp-block-image size-large is-resized\"><img loading=\"lazy\" decoding=\"async\" width=\"1024\" height=\"683\" src=\"http:\/\/localhost\/wp-content\/uploads\/2023\/12\/IMG_5543-1-1024x683.jpg\" alt=\"\" class=\"wp-image-77\" style=\"width:465px;height:auto\" srcset=\"https:\/\/ebenisterie-mirmand-jean-luc.fr\/wp-content\/uploads\/2023\/12\/IMG_5543-1-1024x683.jpg 1024w, https:\/\/ebenisterie-mirmand-jean-luc.fr\/wp-content\/uploads\/2023\/12\/IMG_5543-1-300x200.jpg 300w, https:\/\/ebenisterie-mirmand-jean-luc.fr\/wp-content\/uploads\/2023\/12\/IMG_5543-1-768x512.jpg 768w, https:\/\/ebenisterie-mirmand-jean-luc.fr\/wp-content\/uploads\/2023\/12\/IMG_5543-1-1536x1024.jpg 1536w, https:\/\/ebenisterie-mirmand-jean-luc.fr\/wp-content\/uploads\/2023\/12\/IMG_5543-1-2048x1365.jpg 2048w, https:\/\/ebenisterie-mirmand-jean-luc.fr\/wp-content\/uploads\/2023\/12\/IMG_5543-1-1170x780.jpg 1170w\" sizes=\"auto, (max-width: 1024px) 100vw, 1024px\" \/><\/figure>\n<\/div>\n<\/div>\n\n\n\n<div class=\"wp-block-group has-background-light-background-color has-background is-layout-constrained wp-container-core-group-is-layout-5bd35887 wp-block-group-is-layout-constrained\" style=\"padding-top:68px\">\n<div class=\"wp-block-columns is-layout-flex wp-container-core-columns-is-layout-e0fbbc84 wp-block-columns-is-layout-flex\">\n<div class=\"wp-block-column is-style-ona-negative-offset-bottom is-layout-flow wp-block-column-is-layout-flow\">\n<figure class=\"wp-block-image size-full is-resized\"><img loading=\"lazy\" decoding=\"async\" width=\"2560\" height=\"1788\" src=\"http:\/\/localhost\/wp-content\/uploads\/2023\/12\/IMG_5572-scaled.jpg\" alt=\"\" class=\"wp-image-79\" style=\"width:341px;height:auto\" srcset=\"https:\/\/ebenisterie-mirmand-jean-luc.fr\/wp-content\/uploads\/2023\/12\/IMG_5572-scaled.jpg 2560w, https:\/\/ebenisterie-mirmand-jean-luc.fr\/wp-content\/uploads\/2023\/12\/IMG_5572-300x209.jpg 300w, https:\/\/ebenisterie-mirmand-jean-luc.fr\/wp-content\/uploads\/2023\/12\/IMG_5572-1024x715.jpg 1024w, https:\/\/ebenisterie-mirmand-jean-luc.fr\/wp-content\/uploads\/2023\/12\/IMG_5572-768x536.jpg 768w, https:\/\/ebenisterie-mirmand-jean-luc.fr\/wp-content\/uploads\/2023\/12\/IMG_5572-1536x1073.jpg 1536w, https:\/\/ebenisterie-mirmand-jean-luc.fr\/wp-content\/uploads\/2023\/12\/IMG_5572-2048x1430.jpg 2048w, https:\/\/ebenisterie-mirmand-jean-luc.fr\/wp-content\/uploads\/2023\/12\/IMG_5572-1170x817.jpg 1170w\" sizes=\"auto, (max-width: 2560px) 100vw, 2560px\" \/><\/figure>\n<\/div>\n\n\n\n<div class=\"wp-block-column is-vertically-aligned-center is-layout-flow wp-block-column-is-layout-flow\">\n<h1 class=\"wp-block-heading\" id=\"i-am-a-lifestyle-and-fashion-blogger-a-person-who-enjoys-travel\" style=\"margin-right:15%\">Le naturel<\/h1>\n<\/div>\n<\/div>\n<\/div>\n\n\n\n<div class=\"wp-block-columns is-layout-flex wp-container-core-columns-is-layout-28f84493 wp-block-columns-is-layout-flex\">\n<div class=\"wp-block-column is-layout-flow wp-block-column-is-layout-flow\"><\/div>\n\n\n\n<div class=\"wp-block-column is-layout-flow wp-block-column-is-layout-flow\"><\/div>\n\n\n\n<div class=\"wp-block-column is-layout-flow wp-block-column-is-layout-flow\">\n<figure class=\"wp-block-image size-large is-resized\"><img loading=\"lazy\" decoding=\"async\" width=\"660\" height=\"1024\" src=\"http:\/\/localhost\/wp-content\/uploads\/2023\/12\/IMG_5573-660x1024.jpg\" alt=\"\" class=\"wp-image-81\" style=\"width:224px;height:auto\" srcset=\"https:\/\/ebenisterie-mirmand-jean-luc.fr\/wp-content\/uploads\/2023\/12\/IMG_5573-660x1024.jpg 660w, https:\/\/ebenisterie-mirmand-jean-luc.fr\/wp-content\/uploads\/2023\/12\/IMG_5573-193x300.jpg 193w, https:\/\/ebenisterie-mirmand-jean-luc.fr\/wp-content\/uploads\/2023\/12\/IMG_5573-768x1191.jpg 768w, https:\/\/ebenisterie-mirmand-jean-luc.fr\/wp-content\/uploads\/2023\/12\/IMG_5573-990x1536.jpg 990w, https:\/\/ebenisterie-mirmand-jean-luc.fr\/wp-content\/uploads\/2023\/12\/IMG_5573-1320x2048.jpg 1320w, https:\/\/ebenisterie-mirmand-jean-luc.fr\/wp-content\/uploads\/2023\/12\/IMG_5573-1170x1815.jpg 1170w, https:\/\/ebenisterie-mirmand-jean-luc.fr\/wp-content\/uploads\/2023\/12\/IMG_5573-scaled.jpg 1650w\" sizes=\"auto, (max-width: 660px) 100vw, 660px\" \/><\/figure>\n<\/div>\n<\/div>\n","protected":false},"excerpt":{"rendered":"<p>L&#8217;\u00e9b\u00e9nisterie se lie au plus pr\u00eat des arts de la table en m\u00e9langeant naturel, rangement, confort, design et optimisation de l&#8217;espace. Le rangement Le naturel<\/p>\n","protected":false},"author":1,"featured_media":0,"parent":0,"menu_order":0,"comment_status":"closed","ping_status":"closed","template":"","meta":{"footnotes":""},"class_list":["post-73","page","type-page","status-publish","hentry"],"_links":{"self":[{"href":"https:\/\/ebenisterie-mirmand-jean-luc.fr\/index.php\/wp-json\/wp\/v2\/pages\/73","targetHints":{"allow":["GET"]}}],"collection":[{"href":"https:\/\/ebenisterie-mirmand-jean-luc.fr\/index.php\/wp-json\/wp\/v2\/pages"}],"about":[{"href":"https:\/\/ebenisterie-mirmand-jean-luc.fr\/index.php\/wp-json\/wp\/v2\/types\/page"}],"author":[{"embeddable":true,"href":"https:\/\/ebenisterie-mirmand-jean-luc.fr\/index.php\/wp-json\/wp\/v2\/users\/1"}],"replies":[{"embeddable":true,"href":"https:\/\/ebenisterie-mirmand-jean-luc.fr\/index.php\/wp-json\/wp\/v2\/comments?post=73"}],"version-history":[{"count":6,"href":"https:\/\/ebenisterie-mirmand-jean-luc.fr\/index.php\/wp-json\/wp\/v2\/pages\/73\/revisions"}],"predecessor-version":[{"id":151,"href":"https:\/\/ebenisterie-mirmand-jean-luc.fr\/index.php\/wp-json\/wp\/v2\/pages\/73\/revisions\/151"}],"wp:attachment":[{"href":"https:\/\/ebenisterie-mirmand-jean-luc.fr\/index.php\/wp-json\/wp\/v2\/media?parent=73"}],"curies":[{"name":"wp","href":"https:\/\/api.w.org\/{rel}","templated":true}]}}