{"id":32,"date":"2023-12-19T11:42:02","date_gmt":"2023-12-19T10:42:02","guid":{"rendered":"http:\/\/localhost\/?page_id=32"},"modified":"2023-12-20T15:46:17","modified_gmt":"2023-12-20T14:46:17","slug":"meubles","status":"publish","type":"page","link":"https:\/\/ebenisterie-mirmand-jean-luc.fr\/index.php\/meubles\/","title":{"rendered":"Mobilier"},"content":{"rendered":"\n<p>De l&#8217;ancien au moderne, de l&#8217;\u00e9pur\u00e9 au plus color\u00e9, le bois se transforme pour r\u00e9aliser tous vos projets.<\/p>\n\n\n\n<div class=\"wp-block-group has-background-light-background-color has-background is-layout-constrained wp-container-core-group-is-layout-5bd35887 wp-block-group-is-layout-constrained\" style=\"padding-top:68px\">\n<div class=\"wp-block-columns is-layout-flex wp-container-core-columns-is-layout-e0fbbc84 wp-block-columns-is-layout-flex\">\n<div class=\"wp-block-column is-style-ona-negative-offset-bottom is-layout-flow wp-block-column-is-layout-flow\">\n<figure class=\"wp-block-image size-full is-resized\"><img loading=\"lazy\" decoding=\"async\" width=\"1494\" height=\"2560\" src=\"http:\/\/localhost\/wp-content\/uploads\/2023\/12\/IMG_5576-scaled.jpg\" alt=\"\" class=\"wp-image-25\" style=\"width:277px;height:auto\" srcset=\"https:\/\/ebenisterie-mirmand-jean-luc.fr\/wp-content\/uploads\/2023\/12\/IMG_5576-scaled.jpg 1494w, https:\/\/ebenisterie-mirmand-jean-luc.fr\/wp-content\/uploads\/2023\/12\/IMG_5576-175x300.jpg 175w, https:\/\/ebenisterie-mirmand-jean-luc.fr\/wp-content\/uploads\/2023\/12\/IMG_5576-598x1024.jpg 598w, https:\/\/ebenisterie-mirmand-jean-luc.fr\/wp-content\/uploads\/2023\/12\/IMG_5576-768x1316.jpg 768w, https:\/\/ebenisterie-mirmand-jean-luc.fr\/wp-content\/uploads\/2023\/12\/IMG_5576-896x1536.jpg 896w, https:\/\/ebenisterie-mirmand-jean-luc.fr\/wp-content\/uploads\/2023\/12\/IMG_5576-1195x2048.jpg 1195w, https:\/\/ebenisterie-mirmand-jean-luc.fr\/wp-content\/uploads\/2023\/12\/IMG_5576-1170x2005.jpg 1170w\" sizes=\"auto, (max-width: 1494px) 100vw, 1494px\" \/><\/figure>\n<\/div>\n\n\n\n<div class=\"wp-block-column is-vertically-aligned-center is-layout-flow wp-block-column-is-layout-flow\">\n<h1 class=\"wp-block-heading\" id=\"i-am-a-lifestyle-and-fashion-blogger-a-person-who-enjoys-travel\" style=\"margin-right:15%\">Le design \u00e9pur\u00e9<\/h1>\n<\/div>\n<\/div>\n<\/div>\n\n\n\n<div class=\"wp-block-group is-layout-constrained wp-block-group-is-layout-constrained\">\n<figure class=\"wp-block-image alignright is-resized\"><img loading=\"lazy\" decoding=\"async\" width=\"2560\" height=\"1707\" src=\"http:\/\/localhost\/wp-content\/uploads\/2023\/12\/IMG_5577-scaled.jpg\" alt=\"\" class=\"wp-image-40\" style=\"width:295px;height:auto\" srcset=\"https:\/\/ebenisterie-mirmand-jean-luc.fr\/wp-content\/uploads\/2023\/12\/IMG_5577-scaled.jpg 2560w, https:\/\/ebenisterie-mirmand-jean-luc.fr\/wp-content\/uploads\/2023\/12\/IMG_5577-300x200.jpg 300w, https:\/\/ebenisterie-mirmand-jean-luc.fr\/wp-content\/uploads\/2023\/12\/IMG_5577-1024x683.jpg 1024w, https:\/\/ebenisterie-mirmand-jean-luc.fr\/wp-content\/uploads\/2023\/12\/IMG_5577-768x512.jpg 768w, https:\/\/ebenisterie-mirmand-jean-luc.fr\/wp-content\/uploads\/2023\/12\/IMG_5577-1536x1024.jpg 1536w, https:\/\/ebenisterie-mirmand-jean-luc.fr\/wp-content\/uploads\/2023\/12\/IMG_5577-2048x1365.jpg 2048w, https:\/\/ebenisterie-mirmand-jean-luc.fr\/wp-content\/uploads\/2023\/12\/IMG_5577-1170x780.jpg 1170w\" sizes=\"auto, (max-width: 2560px) 100vw, 2560px\" \/><\/figure>\n<\/div>\n\n\n\n<div style=\"height:63px\" aria-hidden=\"true\" class=\"wp-block-spacer\"><\/div>\n\n\n\n<div class=\"wp-block-group has-background-light-background-color has-background is-layout-constrained wp-container-core-group-is-layout-5bd35887 wp-block-group-is-layout-constrained\" style=\"padding-top:68px\">\n<div class=\"wp-block-columns is-layout-flex wp-container-core-columns-is-layout-e0fbbc84 wp-block-columns-is-layout-flex\">\n<div class=\"wp-block-column is-vertically-aligned-center is-layout-flow wp-block-column-is-layout-flow\">\n<h1 class=\"wp-block-heading\" id=\"i-am-a-lifestyle-and-fashion-blogger-a-person-who-enjoys-travel\" style=\"margin-right:15%\">L&#8217; art du placage<\/h1>\n<\/div>\n\n\n\n<div class=\"wp-block-column is-style-ona-negative-offset-bottom is-layout-flow wp-block-column-is-layout-flow\">\n<figure class=\"wp-block-image size-full is-resized\"><img loading=\"lazy\" decoding=\"async\" width=\"2560\" height=\"1707\" src=\"http:\/\/localhost\/wp-content\/uploads\/2023\/12\/IMG_5516-scaled.jpg\" alt=\"\" class=\"wp-image-26\" style=\"width:316px;height:auto\" srcset=\"https:\/\/ebenisterie-mirmand-jean-luc.fr\/wp-content\/uploads\/2023\/12\/IMG_5516-scaled.jpg 2560w, https:\/\/ebenisterie-mirmand-jean-luc.fr\/wp-content\/uploads\/2023\/12\/IMG_5516-300x200.jpg 300w, https:\/\/ebenisterie-mirmand-jean-luc.fr\/wp-content\/uploads\/2023\/12\/IMG_5516-1024x683.jpg 1024w, https:\/\/ebenisterie-mirmand-jean-luc.fr\/wp-content\/uploads\/2023\/12\/IMG_5516-768x512.jpg 768w, https:\/\/ebenisterie-mirmand-jean-luc.fr\/wp-content\/uploads\/2023\/12\/IMG_5516-1536x1024.jpg 1536w, https:\/\/ebenisterie-mirmand-jean-luc.fr\/wp-content\/uploads\/2023\/12\/IMG_5516-2048x1365.jpg 2048w, https:\/\/ebenisterie-mirmand-jean-luc.fr\/wp-content\/uploads\/2023\/12\/IMG_5516-1170x780.jpg 1170w\" sizes=\"auto, (max-width: 2560px) 100vw, 2560px\" \/><\/figure>\n<\/div>\n<\/div>\n<\/div>\n\n\n\n<div class=\"wp-block-columns is-layout-flex wp-container-core-columns-is-layout-28f84493 wp-block-columns-is-layout-flex\">\n<div class=\"wp-block-column is-layout-flow wp-block-column-is-layout-flow\">\n<p>Technique et Pr\u00e9cision<\/p>\n<\/div>\n\n\n\n<div class=\"wp-block-column is-layout-flow wp-block-column-is-layout-flow\"><\/div>\n\n\n\n<div class=\"wp-block-column is-layout-flow wp-block-column-is-layout-flow\"><\/div>\n<\/div>\n\n\n\n<div style=\"height:10px\" aria-hidden=\"true\" class=\"wp-block-spacer\"><\/div>\n\n\n\n<div class=\"wp-block-columns is-layout-flex wp-container-core-columns-is-layout-28f84493 wp-block-columns-is-layout-flex\">\n<div class=\"wp-block-column is-layout-flow wp-block-column-is-layout-flow\">\n<figure class=\"wp-block-image size-large is-resized\"><img loading=\"lazy\" decoding=\"async\" width=\"1024\" height=\"683\" src=\"http:\/\/localhost\/wp-content\/uploads\/2023\/12\/IMG_5517-1024x683.jpg\" alt=\"\" class=\"wp-image-43\" style=\"width:348px;height:auto\" srcset=\"https:\/\/ebenisterie-mirmand-jean-luc.fr\/wp-content\/uploads\/2023\/12\/IMG_5517-1024x683.jpg 1024w, https:\/\/ebenisterie-mirmand-jean-luc.fr\/wp-content\/uploads\/2023\/12\/IMG_5517-300x200.jpg 300w, https:\/\/ebenisterie-mirmand-jean-luc.fr\/wp-content\/uploads\/2023\/12\/IMG_5517-768x512.jpg 768w, https:\/\/ebenisterie-mirmand-jean-luc.fr\/wp-content\/uploads\/2023\/12\/IMG_5517-1536x1024.jpg 1536w, https:\/\/ebenisterie-mirmand-jean-luc.fr\/wp-content\/uploads\/2023\/12\/IMG_5517-2048x1365.jpg 2048w, https:\/\/ebenisterie-mirmand-jean-luc.fr\/wp-content\/uploads\/2023\/12\/IMG_5517-1170x780.jpg 1170w\" sizes=\"auto, (max-width: 1024px) 100vw, 1024px\" \/><\/figure>\n<\/div>\n\n\n\n<div class=\"wp-block-column is-layout-flow wp-block-column-is-layout-flow\">\n<figure class=\"wp-block-image size-large is-resized\"><img loading=\"lazy\" decoding=\"async\" width=\"1024\" height=\"683\" src=\"http:\/\/localhost\/wp-content\/uploads\/2023\/12\/IMG_5554-1024x683.jpg\" alt=\"\" class=\"wp-image-46\" style=\"width:348px;height:auto\" srcset=\"https:\/\/ebenisterie-mirmand-jean-luc.fr\/wp-content\/uploads\/2023\/12\/IMG_5554-1024x683.jpg 1024w, https:\/\/ebenisterie-mirmand-jean-luc.fr\/wp-content\/uploads\/2023\/12\/IMG_5554-300x200.jpg 300w, https:\/\/ebenisterie-mirmand-jean-luc.fr\/wp-content\/uploads\/2023\/12\/IMG_5554-768x512.jpg 768w, https:\/\/ebenisterie-mirmand-jean-luc.fr\/wp-content\/uploads\/2023\/12\/IMG_5554-1536x1024.jpg 1536w, https:\/\/ebenisterie-mirmand-jean-luc.fr\/wp-content\/uploads\/2023\/12\/IMG_5554-2048x1365.jpg 2048w, https:\/\/ebenisterie-mirmand-jean-luc.fr\/wp-content\/uploads\/2023\/12\/IMG_5554-1170x780.jpg 1170w\" sizes=\"auto, (max-width: 1024px) 100vw, 1024px\" \/><\/figure>\n<\/div>\n<\/div>\n\n\n\n<div class=\"wp-block-group has-background-light-background-color has-background is-layout-constrained wp-container-core-group-is-layout-5bd35887 wp-block-group-is-layout-constrained\" style=\"padding-top:68px\">\n<div class=\"wp-block-columns is-layout-flex wp-container-core-columns-is-layout-e0fbbc84 wp-block-columns-is-layout-flex\">\n<div class=\"wp-block-column is-style-ona-negative-offset-bottom is-layout-flow wp-block-column-is-layout-flow\">\n<figure class=\"wp-block-image size-full is-resized\"><img loading=\"lazy\" decoding=\"async\" width=\"1707\" height=\"2560\" src=\"http:\/\/localhost\/wp-content\/uploads\/2023\/12\/IMG_5534-scaled.jpg\" alt=\"\" class=\"wp-image-54\" srcset=\"https:\/\/ebenisterie-mirmand-jean-luc.fr\/wp-content\/uploads\/2023\/12\/IMG_5534-scaled.jpg 1707w, https:\/\/ebenisterie-mirmand-jean-luc.fr\/wp-content\/uploads\/2023\/12\/IMG_5534-200x300.jpg 200w, https:\/\/ebenisterie-mirmand-jean-luc.fr\/wp-content\/uploads\/2023\/12\/IMG_5534-683x1024.jpg 683w, https:\/\/ebenisterie-mirmand-jean-luc.fr\/wp-content\/uploads\/2023\/12\/IMG_5534-768x1152.jpg 768w, https:\/\/ebenisterie-mirmand-jean-luc.fr\/wp-content\/uploads\/2023\/12\/IMG_5534-1024x1536.jpg 1024w, https:\/\/ebenisterie-mirmand-jean-luc.fr\/wp-content\/uploads\/2023\/12\/IMG_5534-1365x2048.jpg 1365w, https:\/\/ebenisterie-mirmand-jean-luc.fr\/wp-content\/uploads\/2023\/12\/IMG_5534-1170x1755.jpg 1170w\" sizes=\"auto, (max-width: 1707px) 100vw, 1707px\" \/><\/figure>\n<\/div>\n\n\n\n<div class=\"wp-block-column is-vertically-aligned-center is-layout-flow wp-block-column-is-layout-flow\">\n<h1 class=\"wp-block-heading\" id=\"i-am-a-lifestyle-and-fashion-blogger-a-person-who-enjoys-travel\" style=\"margin-right:15%\">Le color\u00e9<\/h1>\n<\/div>\n<\/div>\n<\/div>\n\n\n\n<div class=\"wp-block-columns is-layout-flex wp-container-core-columns-is-layout-28f84493 wp-block-columns-is-layout-flex\">\n<div class=\"wp-block-column is-layout-flow wp-block-column-is-layout-flow\" style=\"flex-basis:66.66%\"><\/div>\n\n\n\n<div class=\"wp-block-column is-layout-flow wp-block-column-is-layout-flow\" style=\"flex-basis:33.33%\">\n<figure class=\"wp-block-image size-large is-resized\"><img loading=\"lazy\" decoding=\"async\" width=\"683\" height=\"1024\" src=\"http:\/\/localhost\/wp-content\/uploads\/2023\/12\/IMG_5532-683x1024.jpg\" alt=\"\" class=\"wp-image-53\" style=\"width:199px;height:auto\" srcset=\"https:\/\/ebenisterie-mirmand-jean-luc.fr\/wp-content\/uploads\/2023\/12\/IMG_5532-683x1024.jpg 683w, https:\/\/ebenisterie-mirmand-jean-luc.fr\/wp-content\/uploads\/2023\/12\/IMG_5532-200x300.jpg 200w, https:\/\/ebenisterie-mirmand-jean-luc.fr\/wp-content\/uploads\/2023\/12\/IMG_5532-768x1152.jpg 768w, https:\/\/ebenisterie-mirmand-jean-luc.fr\/wp-content\/uploads\/2023\/12\/IMG_5532-1024x1536.jpg 1024w, https:\/\/ebenisterie-mirmand-jean-luc.fr\/wp-content\/uploads\/2023\/12\/IMG_5532-1365x2048.jpg 1365w, https:\/\/ebenisterie-mirmand-jean-luc.fr\/wp-content\/uploads\/2023\/12\/IMG_5532-1170x1755.jpg 1170w, https:\/\/ebenisterie-mirmand-jean-luc.fr\/wp-content\/uploads\/2023\/12\/IMG_5532-scaled.jpg 1707w\" sizes=\"auto, (max-width: 683px) 100vw, 683px\" \/><\/figure>\n<\/div>\n<\/div>\n\n\n\n<div class=\"wp-block-group has-background-light-background-color has-background is-layout-constrained wp-container-core-group-is-layout-5bd35887 wp-block-group-is-layout-constrained\" style=\"padding-top:68px\">\n<div class=\"wp-block-columns is-layout-flex wp-container-core-columns-is-layout-e0fbbc84 wp-block-columns-is-layout-flex\">\n<div class=\"wp-block-column is-style-ona-negative-offset-bottom is-layout-flow wp-block-column-is-layout-flow\">\n<figure class=\"wp-block-image size-full is-resized\"><img loading=\"lazy\" decoding=\"async\" width=\"1707\" height=\"2560\" src=\"http:\/\/localhost\/wp-content\/uploads\/2023\/12\/IMG_5611-scaled.jpg\" alt=\"\" class=\"wp-image-67\" srcset=\"https:\/\/ebenisterie-mirmand-jean-luc.fr\/wp-content\/uploads\/2023\/12\/IMG_5611-scaled.jpg 1707w, https:\/\/ebenisterie-mirmand-jean-luc.fr\/wp-content\/uploads\/2023\/12\/IMG_5611-200x300.jpg 200w, https:\/\/ebenisterie-mirmand-jean-luc.fr\/wp-content\/uploads\/2023\/12\/IMG_5611-683x1024.jpg 683w, https:\/\/ebenisterie-mirmand-jean-luc.fr\/wp-content\/uploads\/2023\/12\/IMG_5611-768x1152.jpg 768w, https:\/\/ebenisterie-mirmand-jean-luc.fr\/wp-content\/uploads\/2023\/12\/IMG_5611-1024x1536.jpg 1024w, https:\/\/ebenisterie-mirmand-jean-luc.fr\/wp-content\/uploads\/2023\/12\/IMG_5611-1365x2048.jpg 1365w, https:\/\/ebenisterie-mirmand-jean-luc.fr\/wp-content\/uploads\/2023\/12\/IMG_5611-1170x1755.jpg 1170w\" sizes=\"auto, (max-width: 1707px) 100vw, 1707px\" \/><\/figure>\n<\/div>\n\n\n\n<div class=\"wp-block-column is-vertically-aligned-center is-layout-flow wp-block-column-is-layout-flow\">\n<h1 class=\"wp-block-heading\" id=\"i-am-a-lifestyle-and-fashion-blogger-a-person-who-enjoys-travel\" style=\"margin-right:15%\">Le poste de t\u00e9l\u00e9travail<\/h1>\n<\/div>\n<\/div>\n<\/div>\n\n\n\n<div class=\"wp-block-columns is-layout-flex wp-container-core-columns-is-layout-28f84493 wp-block-columns-is-layout-flex\">\n<div class=\"wp-block-column is-vertically-aligned-bottom is-layout-flow wp-block-column-is-layout-flow\" style=\"flex-basis:33.33%\">\n<figure class=\"wp-block-image size-large is-resized\"><img loading=\"lazy\" decoding=\"async\" width=\"1024\" height=\"683\" src=\"http:\/\/localhost\/wp-content\/uploads\/2023\/12\/IMG_5612-1024x683.jpg\" alt=\"\" class=\"wp-image-70\" style=\"width:231px;height:auto\" srcset=\"https:\/\/ebenisterie-mirmand-jean-luc.fr\/wp-content\/uploads\/2023\/12\/IMG_5612-1024x683.jpg 1024w, https:\/\/ebenisterie-mirmand-jean-luc.fr\/wp-content\/uploads\/2023\/12\/IMG_5612-300x200.jpg 300w, https:\/\/ebenisterie-mirmand-jean-luc.fr\/wp-content\/uploads\/2023\/12\/IMG_5612-768x512.jpg 768w, https:\/\/ebenisterie-mirmand-jean-luc.fr\/wp-content\/uploads\/2023\/12\/IMG_5612-1536x1024.jpg 1536w, https:\/\/ebenisterie-mirmand-jean-luc.fr\/wp-content\/uploads\/2023\/12\/IMG_5612-2048x1365.jpg 2048w, https:\/\/ebenisterie-mirmand-jean-luc.fr\/wp-content\/uploads\/2023\/12\/IMG_5612-1170x780.jpg 1170w\" sizes=\"auto, (max-width: 1024px) 100vw, 1024px\" \/><\/figure>\n<\/div>\n\n\n\n<div class=\"wp-block-column is-layout-flow wp-block-column-is-layout-flow\" style=\"flex-basis:66.66%\">\n<figure class=\"wp-block-image size-large is-resized\"><img loading=\"lazy\" decoding=\"async\" width=\"1024\" height=\"699\" src=\"http:\/\/localhost\/wp-content\/uploads\/2023\/12\/IMG_5608-1024x699.jpg\" alt=\"\" class=\"wp-image-69\" style=\"width:463px;height:auto\" srcset=\"https:\/\/ebenisterie-mirmand-jean-luc.fr\/wp-content\/uploads\/2023\/12\/IMG_5608-1024x699.jpg 1024w, https:\/\/ebenisterie-mirmand-jean-luc.fr\/wp-content\/uploads\/2023\/12\/IMG_5608-300x205.jpg 300w, https:\/\/ebenisterie-mirmand-jean-luc.fr\/wp-content\/uploads\/2023\/12\/IMG_5608-768x524.jpg 768w, https:\/\/ebenisterie-mirmand-jean-luc.fr\/wp-content\/uploads\/2023\/12\/IMG_5608-1536x1048.jpg 1536w, https:\/\/ebenisterie-mirmand-jean-luc.fr\/wp-content\/uploads\/2023\/12\/IMG_5608-2048x1397.jpg 2048w, https:\/\/ebenisterie-mirmand-jean-luc.fr\/wp-content\/uploads\/2023\/12\/IMG_5608-1170x798.jpg 1170w\" sizes=\"auto, (max-width: 1024px) 100vw, 1024px\" \/><\/figure>\n<\/div>\n<\/div>\n","protected":false},"excerpt":{"rendered":"<p>De l&#8217;ancien au moderne, de l&#8217;\u00e9pur\u00e9 au plus color\u00e9, le bois se transforme pour r\u00e9aliser tous vos projets. Le design \u00e9pur\u00e9 L&#8217; art du placage Technique et Pr\u00e9cision Le color\u00e9 Le poste de t\u00e9l\u00e9travail<\/p>\n","protected":false},"author":1,"featured_media":0,"parent":0,"menu_order":0,"comment_status":"closed","ping_status":"closed","template":"","meta":{"footnotes":""},"class_list":["post-32","page","type-page","status-publish","hentry"],"_links":{"self":[{"href":"https:\/\/ebenisterie-mirmand-jean-luc.fr\/index.php\/wp-json\/wp\/v2\/pages\/32","targetHints":{"allow":["GET"]}}],"collection":[{"href":"https:\/\/ebenisterie-mirmand-jean-luc.fr\/index.php\/wp-json\/wp\/v2\/pages"}],"about":[{"href":"https:\/\/ebenisterie-mirmand-jean-luc.fr\/index.php\/wp-json\/wp\/v2\/types\/page"}],"author":[{"embeddable":true,"href":"https:\/\/ebenisterie-mirmand-jean-luc.fr\/index.php\/wp-json\/wp\/v2\/users\/1"}],"replies":[{"embeddable":true,"href":"https:\/\/ebenisterie-mirmand-jean-luc.fr\/index.php\/wp-json\/wp\/v2\/comments?post=32"}],"version-history":[{"count":21,"href":"https:\/\/ebenisterie-mirmand-jean-luc.fr\/index.php\/wp-json\/wp\/v2\/pages\/32\/revisions"}],"predecessor-version":[{"id":71,"href":"https:\/\/ebenisterie-mirmand-jean-luc.fr\/index.php\/wp-json\/wp\/v2\/pages\/32\/revisions\/71"}],"wp:attachment":[{"href":"https:\/\/ebenisterie-mirmand-jean-luc.fr\/index.php\/wp-json\/wp\/v2\/media?parent=32"}],"curies":[{"name":"wp","href":"https:\/\/api.w.org\/{rel}","templated":true}]}}