{"id":105,"date":"2023-12-23T11:21:19","date_gmt":"2023-12-23T10:21:19","guid":{"rendered":"http:\/\/localhost\/?page_id=105"},"modified":"2023-12-23T11:25:52","modified_gmt":"2023-12-23T10:25:52","slug":"escaliers","status":"publish","type":"page","link":"https:\/\/ebenisterie-mirmand-jean-luc.fr\/index.php\/escaliers\/","title":{"rendered":"Escaliers"},"content":{"rendered":"\n<p>Prendre de la hauteur avec \u00e9l\u00e9gance ou gagner de l&#8217;espace de rangement en restant \u00e9pur\u00e9, tout un d\u00e9fi \u00e0 relever.<\/p>\n\n\n\n<div class=\"wp-block-group has-background-light-background-color has-background is-layout-constrained wp-container-core-group-is-layout-5bd35887 wp-block-group-is-layout-constrained\" style=\"padding-top:68px\">\n<div class=\"wp-block-columns is-layout-flex wp-container-core-columns-is-layout-e0fbbc84 wp-block-columns-is-layout-flex\">\n<div class=\"wp-block-column is-style-ona-negative-offset-bottom is-layout-flow wp-block-column-is-layout-flow\">\n<figure class=\"wp-block-image size-large\"><img loading=\"lazy\" decoding=\"async\" width=\"683\" height=\"1024\" src=\"http:\/\/localhost\/wp-content\/uploads\/2023\/12\/IMG_5579-683x1024.jpg\" alt=\"\" class=\"wp-image-102\" srcset=\"https:\/\/ebenisterie-mirmand-jean-luc.fr\/wp-content\/uploads\/2023\/12\/IMG_5579-683x1024.jpg 683w, https:\/\/ebenisterie-mirmand-jean-luc.fr\/wp-content\/uploads\/2023\/12\/IMG_5579-200x300.jpg 200w, https:\/\/ebenisterie-mirmand-jean-luc.fr\/wp-content\/uploads\/2023\/12\/IMG_5579-768x1152.jpg 768w, https:\/\/ebenisterie-mirmand-jean-luc.fr\/wp-content\/uploads\/2023\/12\/IMG_5579-1024x1536.jpg 1024w, https:\/\/ebenisterie-mirmand-jean-luc.fr\/wp-content\/uploads\/2023\/12\/IMG_5579-1365x2048.jpg 1365w, https:\/\/ebenisterie-mirmand-jean-luc.fr\/wp-content\/uploads\/2023\/12\/IMG_5579-1170x1755.jpg 1170w, https:\/\/ebenisterie-mirmand-jean-luc.fr\/wp-content\/uploads\/2023\/12\/IMG_5579-scaled.jpg 1707w\" sizes=\"auto, (max-width: 683px) 100vw, 683px\" \/><\/figure>\n<\/div>\n\n\n\n<div class=\"wp-block-column is-vertically-aligned-center is-layout-flow wp-block-column-is-layout-flow\">\n<h1 class=\"wp-block-heading\" id=\"i-am-a-lifestyle-and-fashion-blogger-a-person-who-enjoys-travel\" style=\"margin-right:15%\">Prendre de la hauteur<\/h1>\n<\/div>\n<\/div>\n<\/div>\n\n\n\n<div class=\"wp-block-columns is-layout-flex wp-container-core-columns-is-layout-28f84493 wp-block-columns-is-layout-flex\">\n<div class=\"wp-block-column is-layout-flow wp-block-column-is-layout-flow\" style=\"flex-basis:33.33%\"><\/div>\n\n\n\n<div class=\"wp-block-column is-layout-flow wp-block-column-is-layout-flow\" style=\"flex-basis:66.66%\">\n<figure class=\"wp-block-image alignright size-large is-resized\"><img loading=\"lazy\" decoding=\"async\" width=\"1024\" height=\"683\" src=\"http:\/\/localhost\/wp-content\/uploads\/2023\/12\/IMG_5583-1024x683.jpg\" alt=\"\" class=\"wp-image-109\" style=\"width:344px;height:auto\" srcset=\"https:\/\/ebenisterie-mirmand-jean-luc.fr\/wp-content\/uploads\/2023\/12\/IMG_5583-1024x683.jpg 1024w, https:\/\/ebenisterie-mirmand-jean-luc.fr\/wp-content\/uploads\/2023\/12\/IMG_5583-300x200.jpg 300w, https:\/\/ebenisterie-mirmand-jean-luc.fr\/wp-content\/uploads\/2023\/12\/IMG_5583-768x512.jpg 768w, https:\/\/ebenisterie-mirmand-jean-luc.fr\/wp-content\/uploads\/2023\/12\/IMG_5583-1536x1024.jpg 1536w, https:\/\/ebenisterie-mirmand-jean-luc.fr\/wp-content\/uploads\/2023\/12\/IMG_5583-2048x1365.jpg 2048w, https:\/\/ebenisterie-mirmand-jean-luc.fr\/wp-content\/uploads\/2023\/12\/IMG_5583-1170x780.jpg 1170w\" sizes=\"auto, (max-width: 1024px) 100vw, 1024px\" \/><\/figure>\n<\/div>\n<\/div>\n","protected":false},"excerpt":{"rendered":"<p>Prendre de la hauteur avec \u00e9l\u00e9gance ou gagner de l&#8217;espace de rangement en restant \u00e9pur\u00e9, tout un d\u00e9fi \u00e0 relever. Prendre de la hauteur<\/p>\n","protected":false},"author":1,"featured_media":0,"parent":0,"menu_order":0,"comment_status":"closed","ping_status":"closed","template":"","meta":{"footnotes":""},"class_list":["post-105","page","type-page","status-publish","hentry"],"_links":{"self":[{"href":"https:\/\/ebenisterie-mirmand-jean-luc.fr\/index.php\/wp-json\/wp\/v2\/pages\/105","targetHints":{"allow":["GET"]}}],"collection":[{"href":"https:\/\/ebenisterie-mirmand-jean-luc.fr\/index.php\/wp-json\/wp\/v2\/pages"}],"about":[{"href":"https:\/\/ebenisterie-mirmand-jean-luc.fr\/index.php\/wp-json\/wp\/v2\/types\/page"}],"author":[{"embeddable":true,"href":"https:\/\/ebenisterie-mirmand-jean-luc.fr\/index.php\/wp-json\/wp\/v2\/users\/1"}],"replies":[{"embeddable":true,"href":"https:\/\/ebenisterie-mirmand-jean-luc.fr\/index.php\/wp-json\/wp\/v2\/comments?post=105"}],"version-history":[{"count":4,"href":"https:\/\/ebenisterie-mirmand-jean-luc.fr\/index.php\/wp-json\/wp\/v2\/pages\/105\/revisions"}],"predecessor-version":[{"id":111,"href":"https:\/\/ebenisterie-mirmand-jean-luc.fr\/index.php\/wp-json\/wp\/v2\/pages\/105\/revisions\/111"}],"wp:attachment":[{"href":"https:\/\/ebenisterie-mirmand-jean-luc.fr\/index.php\/wp-json\/wp\/v2\/media?parent=105"}],"curies":[{"name":"wp","href":"https:\/\/api.w.org\/{rel}","templated":true}]}}